{"id":36,"date":"2025-10-31T13:51:28","date_gmt":"2025-10-31T12:51:28","guid":{"rendered":"https:\/\/trad.hornstaging.no\/?page_id=36"},"modified":"2026-01-26T11:02:33","modified_gmt":"2026-01-26T10:02:33","slug":"feasibility-studies","status":"publish","type":"page","link":"https:\/\/tekraad.no\/en\/tjenester\/mulighetsstudier\/","title":{"rendered":"Feasibility Studies"},"content":{"rendered":"<p>In the early phase, we help developers and architects define needs, functions and technical frameworks for the project. Through concept sketches, capacity assessments and cost estimates, we clarify which solutions are realistic and appropriate. A feasibility study provides direction and predictability before further design work.\u00a0<\/p>\n\n\n\n<div style=\"height:20px\" aria-hidden=\"true\" class=\"wp-block-spacer\"><\/div>\n\n\n<figure class=\"wp-block-post-featured-image\"><img fetchpriority=\"high\" decoding=\"async\" width=\"2048\" height=\"1148\" src=\"https:\/\/tekraad.no\/wp-content\/uploads\/2026\/01\/Mulighetsstudie.jpg\" class=\"attachment-post-thumbnail size-post-thumbnail wp-post-image\" alt=\"En person i dress sett bakfra som ser p\u00e5 en vegg fylt med komplekse skisser, formler og tekniske diagrammer. To lysp\u00e6rer henger ned foran veggen og symboliserer id\u00e9utvikling.\" style=\"object-fit:cover;\" srcset=\"https:\/\/tekraad.no\/wp-content\/uploads\/2026\/01\/Mulighetsstudie.jpg 2048w, https:\/\/tekraad.no\/wp-content\/uploads\/2026\/01\/Mulighetsstudie-300x168.jpg 300w, https:\/\/tekraad.no\/wp-content\/uploads\/2026\/01\/Mulighetsstudie-1024x574.jpg 1024w, https:\/\/tekraad.no\/wp-content\/uploads\/2026\/01\/Mulighetsstudie-768x431.jpg 768w, https:\/\/tekraad.no\/wp-content\/uploads\/2026\/01\/Mulighetsstudie-1536x861.jpg 1536w, https:\/\/tekraad.no\/wp-content\/uploads\/2026\/01\/Mulighetsstudie-18x10.jpg 18w\" sizes=\"(max-width: 2048px) 100vw, 2048px\" \/><\/figure>","protected":false},"excerpt":{"rendered":"<p>We analyse needs, functions and technical frameworks in early stages, providing realistic assessments that guide the project forward safely.<\/p>","protected":false},"author":1,"featured_media":1150,"parent":19,"menu_order":0,"comment_status":"closed","ping_status":"closed","template":"","meta":{"_acf_changed":false,"footnotes":""},"mal-kategori":[8],"class_list":["post-36","page","type-page","status-publish","has-post-thumbnail","hentry","mal-kategori-tjenesteside"],"acf":[],"yoast_head":"<!-- This site is optimized with the Yoast SEO plugin v27.3 - https:\/\/yoast.com\/product\/yoast-seo-wordpress\/ -->\n<title>Mulighetsstudier for AV og scenetekniske l\u00f8sninger | TR\u00c5D AS<\/title>\n<meta name=\"description\" content=\"TR\u00c5D AS vurderer behov, kapasitet og tekniske rammer i tidlig fase \u2013 for riktige valg og trygge beslutninger f\u00f8r videre prosjektering.\" \/>\n<meta name=\"robots\" content=\"index, follow, max-snippet:-1, max-image-preview:large, max-video-preview:-1\" \/>\n<link rel=\"canonical\" href=\"https:\/\/tekraad.no\/en\/services\/feasibility-studies\/\" \/>\n<meta property=\"og:locale\" content=\"en_GB\" \/>\n<meta property=\"og:type\" content=\"article\" \/>\n<meta property=\"og:title\" content=\"Mulighetsstudier for AV og scenetekniske l\u00f8sninger | TR\u00c5D AS\" \/>\n<meta property=\"og:description\" content=\"TR\u00c5D AS vurderer behov, kapasitet og tekniske rammer i tidlig fase \u2013 for riktige valg og trygge beslutninger f\u00f8r videre prosjektering.\" \/>\n<meta property=\"og:url\" content=\"https:\/\/tekraad.no\/en\/services\/feasibility-studies\/\" \/>\n<meta property=\"og:site_name\" content=\"TR\u00c5D AS\" \/>\n<meta property=\"article:publisher\" content=\"https:\/\/www.facebook.com\/traadface\/?locale=nb_NO\" \/>\n<meta property=\"article:modified_time\" content=\"2026-01-26T10:02:33+00:00\" \/>\n<meta property=\"og:image\" content=\"https:\/\/tekraad.no\/wp-content\/uploads\/2026\/01\/Mulighetsstudie.jpg\" \/>\n\t<meta property=\"og:image:width\" content=\"2048\" \/>\n\t<meta property=\"og:image:height\" content=\"1148\" \/>\n\t<meta property=\"og:image:type\" content=\"image\/jpeg\" \/>\n<meta name=\"twitter:card\" content=\"summary_large_image\" \/>\n<meta name=\"twitter:label1\" content=\"Estimated reading time\" \/>\n\t<meta name=\"twitter:data1\" content=\"1 minute\" \/>\n<script type=\"application\/ld+json\" class=\"yoast-schema-graph\">{\"@context\":\"https:\\\/\\\/schema.org\",\"@graph\":[{\"@type\":\"WebPage\",\"@id\":\"https:\\\/\\\/tekraad.no\\\/tjenester\\\/mulighetsstudier\\\/\",\"url\":\"https:\\\/\\\/tekraad.no\\\/tjenester\\\/mulighetsstudier\\\/\",\"name\":\"Mulighetsstudier for AV og scenetekniske l\u00f8sninger | TR\u00c5D AS\",\"isPartOf\":{\"@id\":\"https:\\\/\\\/tekraad.no\\\/#website\"},\"primaryImageOfPage\":{\"@id\":\"https:\\\/\\\/tekraad.no\\\/tjenester\\\/mulighetsstudier\\\/#primaryimage\"},\"image\":{\"@id\":\"https:\\\/\\\/tekraad.no\\\/tjenester\\\/mulighetsstudier\\\/#primaryimage\"},\"thumbnailUrl\":\"https:\\\/\\\/tekraad.no\\\/wp-content\\\/uploads\\\/2026\\\/01\\\/Mulighetsstudie.jpg\",\"datePublished\":\"2025-10-31T12:51:28+00:00\",\"dateModified\":\"2026-01-26T10:02:33+00:00\",\"description\":\"TR\u00c5D AS vurderer behov, kapasitet og tekniske rammer i tidlig fase \u2013 for riktige valg og trygge beslutninger f\u00f8r videre prosjektering.\",\"breadcrumb\":{\"@id\":\"https:\\\/\\\/tekraad.no\\\/tjenester\\\/mulighetsstudier\\\/#breadcrumb\"},\"inLanguage\":\"en-GB\",\"potentialAction\":[{\"@type\":\"ReadAction\",\"target\":[\"https:\\\/\\\/tekraad.no\\\/tjenester\\\/mulighetsstudier\\\/\"]}]},{\"@type\":\"ImageObject\",\"inLanguage\":\"en-GB\",\"@id\":\"https:\\\/\\\/tekraad.no\\\/tjenester\\\/mulighetsstudier\\\/#primaryimage\",\"url\":\"https:\\\/\\\/tekraad.no\\\/wp-content\\\/uploads\\\/2026\\\/01\\\/Mulighetsstudie.jpg\",\"contentUrl\":\"https:\\\/\\\/tekraad.no\\\/wp-content\\\/uploads\\\/2026\\\/01\\\/Mulighetsstudie.jpg\",\"width\":2048,\"height\":1148,\"caption\":\"En person i dress sett bakfra som ser p\u00e5 en vegg fylt med komplekse skisser, formler og tekniske diagrammer. To lysp\u00e6rer henger ned foran veggen og symboliserer id\u00e9utvikling.\"},{\"@type\":\"BreadcrumbList\",\"@id\":\"https:\\\/\\\/tekraad.no\\\/tjenester\\\/mulighetsstudier\\\/#breadcrumb\",\"itemListElement\":[{\"@type\":\"ListItem\",\"position\":1,\"name\":\"Hjem\",\"item\":\"https:\\\/\\\/tekraad.no\\\/\"},{\"@type\":\"ListItem\",\"position\":2,\"name\":\"Tjenester\",\"item\":\"https:\\\/\\\/tekraad.no\\\/tjenester\\\/\"},{\"@type\":\"ListItem\",\"position\":3,\"name\":\"Mulighetsstudier\"}]},{\"@type\":\"WebSite\",\"@id\":\"https:\\\/\\\/tekraad.no\\\/#website\",\"url\":\"https:\\\/\\\/tekraad.no\\\/\",\"name\":\"TR\u00c5D AS\",\"description\":\"Teknisk r\u00e5dgivning innen lyd, lys, bilde og scene\",\"publisher\":{\"@id\":\"https:\\\/\\\/tekraad.no\\\/#organization\"},\"alternateName\":\"TR\u00c5D AS\",\"potentialAction\":[{\"@type\":\"SearchAction\",\"target\":{\"@type\":\"EntryPoint\",\"urlTemplate\":\"https:\\\/\\\/tekraad.no\\\/?s={search_term_string}\"},\"query-input\":{\"@type\":\"PropertyValueSpecification\",\"valueRequired\":true,\"valueName\":\"search_term_string\"}}],\"inLanguage\":\"en-GB\"},{\"@type\":\"Organization\",\"@id\":\"https:\\\/\\\/tekraad.no\\\/#organization\",\"name\":\"TR\u00c5D AS\",\"alternateName\":\"TR\u00c5D AS\",\"url\":\"https:\\\/\\\/tekraad.no\\\/\",\"logo\":{\"@type\":\"ImageObject\",\"inLanguage\":\"en-GB\",\"@id\":\"https:\\\/\\\/tekraad.no\\\/#\\\/schema\\\/logo\\\/image\\\/\",\"url\":\"https:\\\/\\\/tekraad.no\\\/wp-content\\\/uploads\\\/2025\\\/10\\\/Logo-hvit-tekst-u-bakgrunn-e1763987293366.png\",\"contentUrl\":\"https:\\\/\\\/tekraad.no\\\/wp-content\\\/uploads\\\/2025\\\/10\\\/Logo-hvit-tekst-u-bakgrunn-e1763987293366.png\",\"width\":1450,\"height\":602,\"caption\":\"TR\u00c5D AS\"},\"image\":{\"@id\":\"https:\\\/\\\/tekraad.no\\\/#\\\/schema\\\/logo\\\/image\\\/\"},\"sameAs\":[\"https:\\\/\\\/www.facebook.com\\\/traadface\\\/?locale=nb_NO\",\"https:\\\/\\\/no.linkedin.com\\\/company\\\/tekraad\"]}]}<\/script>\n<!-- \/ Yoast SEO plugin. -->","yoast_head_json":{"title":"Feasibility Studies &amp; Concept Design | TR\u00c5D AS","description":"TR\u00c5D AS assesses needs, capacity and technical constraints in the early phase \u2013 ensuring informed choices and safe decisions before further design.","robots":{"index":"index","follow":"follow","max-snippet":"max-snippet:-1","max-image-preview":"max-image-preview:large","max-video-preview":"max-video-preview:-1"},"canonical":"https:\/\/tekraad.no\/en\/services\/feasibility-studies\/","og_locale":"en_GB","og_type":"article","og_title":"Mulighetsstudier for AV og scenetekniske l\u00f8sninger | TR\u00c5D AS","og_description":"TR\u00c5D AS vurderer behov, kapasitet og tekniske rammer i tidlig fase \u2013 for riktige valg og trygge beslutninger f\u00f8r videre prosjektering.","og_url":"https:\/\/tekraad.no\/en\/services\/feasibility-studies\/","og_site_name":"TR\u00c5D AS","article_publisher":"https:\/\/www.facebook.com\/traadface\/?locale=nb_NO","article_modified_time":"2026-01-26T10:02:33+00:00","og_image":[{"width":2048,"height":1148,"url":"https:\/\/tekraad.no\/wp-content\/uploads\/2026\/01\/Mulighetsstudie.jpg","type":"image\/jpeg"}],"twitter_card":"summary_large_image","twitter_misc":{"Estimated reading time":"1 minute"},"schema":{"@context":"https:\/\/schema.org","@graph":[{"@type":"WebPage","@id":"https:\/\/tekraad.no\/tjenester\/mulighetsstudier\/","url":"https:\/\/tekraad.no\/tjenester\/mulighetsstudier\/","name":"Feasibility Studies &amp; Concept Design | TR\u00c5D AS","isPartOf":{"@id":"https:\/\/tekraad.no\/#website"},"primaryImageOfPage":{"@id":"https:\/\/tekraad.no\/tjenester\/mulighetsstudier\/#primaryimage"},"image":{"@id":"https:\/\/tekraad.no\/tjenester\/mulighetsstudier\/#primaryimage"},"thumbnailUrl":"https:\/\/tekraad.no\/wp-content\/uploads\/2026\/01\/Mulighetsstudie.jpg","datePublished":"2025-10-31T12:51:28+00:00","dateModified":"2026-01-26T10:02:33+00:00","description":"TR\u00c5D AS assesses needs, capacity and technical constraints in the early phase \u2013 ensuring informed choices and safe decisions before further design.","breadcrumb":{"@id":"https:\/\/tekraad.no\/tjenester\/mulighetsstudier\/#breadcrumb"},"inLanguage":"en-GB","potentialAction":[{"@type":"ReadAction","target":["https:\/\/tekraad.no\/tjenester\/mulighetsstudier\/"]}]},{"@type":"ImageObject","inLanguage":"en-GB","@id":"https:\/\/tekraad.no\/tjenester\/mulighetsstudier\/#primaryimage","url":"https:\/\/tekraad.no\/wp-content\/uploads\/2026\/01\/Mulighetsstudie.jpg","contentUrl":"https:\/\/tekraad.no\/wp-content\/uploads\/2026\/01\/Mulighetsstudie.jpg","width":2048,"height":1148,"caption":"En person i dress sett bakfra som ser p\u00e5 en vegg fylt med komplekse skisser, formler og tekniske diagrammer. To lysp\u00e6rer henger ned foran veggen og symboliserer id\u00e9utvikling."},{"@type":"BreadcrumbList","@id":"https:\/\/tekraad.no\/tjenester\/mulighetsstudier\/#breadcrumb","itemListElement":[{"@type":"ListItem","position":1,"name":"Hjem","item":"https:\/\/tekraad.no\/"},{"@type":"ListItem","position":2,"name":"Tjenester","item":"https:\/\/tekraad.no\/tjenester\/"},{"@type":"ListItem","position":3,"name":"Mulighetsstudier"}]},{"@type":"WebSite","@id":"https:\/\/tekraad.no\/#website","url":"https:\/\/tekraad.no\/","name":"TR\u00c5D AS","description":"Teknisk r\u00e5dgivning innen lyd, lys, bilde og scene","publisher":{"@id":"https:\/\/tekraad.no\/#organization"},"alternateName":"TR\u00c5D AS","potentialAction":[{"@type":"SearchAction","target":{"@type":"EntryPoint","urlTemplate":"https:\/\/tekraad.no\/?s={search_term_string}"},"query-input":{"@type":"PropertyValueSpecification","valueRequired":true,"valueName":"search_term_string"}}],"inLanguage":"en-GB"},{"@type":"Organization","@id":"https:\/\/tekraad.no\/#organization","name":"TR\u00c5D AS","alternateName":"TR\u00c5D AS","url":"https:\/\/tekraad.no\/","logo":{"@type":"ImageObject","inLanguage":"en-GB","@id":"https:\/\/tekraad.no\/#\/schema\/logo\/image\/","url":"https:\/\/tekraad.no\/wp-content\/uploads\/2025\/10\/Logo-hvit-tekst-u-bakgrunn-e1763987293366.png","contentUrl":"https:\/\/tekraad.no\/wp-content\/uploads\/2025\/10\/Logo-hvit-tekst-u-bakgrunn-e1763987293366.png","width":1450,"height":602,"caption":"TR\u00c5D AS"},"image":{"@id":"https:\/\/tekraad.no\/#\/schema\/logo\/image\/"},"sameAs":["https:\/\/www.facebook.com\/traadface\/?locale=nb_NO","https:\/\/no.linkedin.com\/company\/tekraad"]}]}},"_links":{"self":[{"href":"https:\/\/tekraad.no\/en\/wp-json\/wp\/v2\/pages\/36","targetHints":{"allow":["GET"]}}],"collection":[{"href":"https:\/\/tekraad.no\/en\/wp-json\/wp\/v2\/pages"}],"about":[{"href":"https:\/\/tekraad.no\/en\/wp-json\/wp\/v2\/types\/page"}],"author":[{"embeddable":true,"href":"https:\/\/tekraad.no\/en\/wp-json\/wp\/v2\/users\/1"}],"replies":[{"embeddable":true,"href":"https:\/\/tekraad.no\/en\/wp-json\/wp\/v2\/comments?post=36"}],"version-history":[{"count":5,"href":"https:\/\/tekraad.no\/en\/wp-json\/wp\/v2\/pages\/36\/revisions"}],"predecessor-version":[{"id":812,"href":"https:\/\/tekraad.no\/en\/wp-json\/wp\/v2\/pages\/36\/revisions\/812"}],"up":[{"embeddable":true,"href":"https:\/\/tekraad.no\/en\/wp-json\/wp\/v2\/pages\/19"}],"wp:featuredmedia":[{"embeddable":true,"href":"https:\/\/tekraad.no\/en\/wp-json\/wp\/v2\/media\/1150"}],"wp:attachment":[{"href":"https:\/\/tekraad.no\/en\/wp-json\/wp\/v2\/media?parent=36"}],"wp:term":[{"taxonomy":"mal-kategori","embeddable":true,"href":"https:\/\/tekraad.no\/en\/wp-json\/wp\/v2\/mal-kategori?post=36"}],"curies":[{"name":"wp","href":"https:\/\/api.w.org\/{rel}","templated":true}]}}