{"id":35,"date":"2025-10-31T13:51:21","date_gmt":"2025-10-31T12:51:21","guid":{"rendered":"https:\/\/trad.hornstaging.no\/?page_id=35"},"modified":"2026-01-26T11:02:46","modified_gmt":"2026-01-26T10:02:46","slug":"condition-assessments","status":"publish","type":"page","link":"https:\/\/tekraad.no\/en\/tjenester\/tilstandsanalyser\/","title":{"rendered":"Condition Assessments"},"content":{"rendered":"<p>We carry out technical condition assessments of existing installations to document status, safety and lifespan. The analysis identifies deviations and upgrade needs, providing a solid basis for further decisions. The report includes clear recommendations for maintenance, replacement and investment priorities.<\/p>\n\n\n\n<div style=\"height:20px\" aria-hidden=\"true\" class=\"wp-block-spacer\"><\/div>\n\n\n<figure class=\"wp-block-post-featured-image\"><img fetchpriority=\"high\" decoding=\"async\" width=\"2048\" height=\"896\" src=\"https:\/\/tekraad.no\/wp-content\/uploads\/2025\/11\/DSC3453_2.jpg\" class=\"attachment-post-thumbnail size-post-thumbnail wp-post-image\" alt=\"To personer sett bakfra, begge if\u00f8rt gule refleksvester med &quot;TRAD&quot;-logoen. Den ene har hvit vernehjelm og den andre svart klatrehjelm. De ser opp mot en rigg med teaterlyskastere i et m\u00f8rkt scenerom.\" style=\"object-fit:cover;\" srcset=\"https:\/\/tekraad.no\/wp-content\/uploads\/2025\/11\/DSC3453_2.jpg 2048w, https:\/\/tekraad.no\/wp-content\/uploads\/2025\/11\/DSC3453_2-300x131.jpg 300w, https:\/\/tekraad.no\/wp-content\/uploads\/2025\/11\/DSC3453_2-1024x448.jpg 1024w, https:\/\/tekraad.no\/wp-content\/uploads\/2025\/11\/DSC3453_2-768x336.jpg 768w, https:\/\/tekraad.no\/wp-content\/uploads\/2025\/11\/DSC3453_2-1536x672.jpg 1536w, https:\/\/tekraad.no\/wp-content\/uploads\/2025\/11\/DSC3453_2-18x8.jpg 18w\" sizes=\"(max-width: 2048px) 100vw, 2048px\" \/><\/figure>","protected":false},"excerpt":{"rendered":"<p>We assess technical systems to identify status, deviations and upgrade needs, and provide clear recommendations for further action.<\/p>","protected":false},"author":1,"featured_media":276,"parent":19,"menu_order":0,"comment_status":"closed","ping_status":"closed","template":"","meta":{"_acf_changed":false,"footnotes":""},"mal-kategori":[8],"class_list":["post-35","page","type-page","status-publish","has-post-thumbnail","hentry","mal-kategori-tjenesteside"],"acf":[],"yoast_head":"<!-- This site is optimized with the Yoast SEO plugin v27.3 - https:\/\/yoast.com\/product\/yoast-seo-wordpress\/ -->\n<title>Tilstandsanalyse av AV-, lyd- og scenetekniske anlegg | TR\u00c5D AS<\/title>\n<meta name=\"description\" content=\"TR\u00c5D AS utf\u00f8rer tekniske analyser av eksisterende anlegg og gir tydelige anbefalinger for vedlikehold, oppgradering og videre tiltak.\" \/>\n<meta name=\"robots\" content=\"index, follow, max-snippet:-1, max-image-preview:large, max-video-preview:-1\" \/>\n<link rel=\"canonical\" href=\"https:\/\/tekraad.no\/en\/services\/condition-assessments\/\" \/>\n<meta property=\"og:locale\" content=\"en_GB\" \/>\n<meta property=\"og:type\" content=\"article\" \/>\n<meta property=\"og:title\" content=\"Tilstandsanalyse av AV-, lyd- og scenetekniske anlegg | TR\u00c5D AS\" \/>\n<meta property=\"og:description\" content=\"TR\u00c5D AS utf\u00f8rer tekniske analyser av eksisterende anlegg og gir tydelige anbefalinger for vedlikehold, oppgradering og videre tiltak.\" \/>\n<meta property=\"og:url\" content=\"https:\/\/tekraad.no\/en\/services\/condition-assessments\/\" \/>\n<meta property=\"og:site_name\" content=\"TR\u00c5D AS\" \/>\n<meta property=\"article:publisher\" content=\"https:\/\/www.facebook.com\/traadface\/?locale=nb_NO\" \/>\n<meta property=\"article:modified_time\" content=\"2026-01-26T10:02:46+00:00\" \/>\n<meta property=\"og:image\" content=\"https:\/\/tekraad.no\/wp-content\/uploads\/2025\/11\/DSC3453_2.jpg\" \/>\n\t<meta property=\"og:image:width\" content=\"2048\" \/>\n\t<meta property=\"og:image:height\" content=\"896\" \/>\n\t<meta property=\"og:image:type\" content=\"image\/jpeg\" \/>\n<meta name=\"twitter:card\" content=\"summary_large_image\" \/>\n<meta name=\"twitter:label1\" content=\"Estimated reading time\" \/>\n\t<meta name=\"twitter:data1\" content=\"1 minute\" \/>\n<script type=\"application\/ld+json\" class=\"yoast-schema-graph\">{\"@context\":\"https:\\\/\\\/schema.org\",\"@graph\":[{\"@type\":\"WebPage\",\"@id\":\"https:\\\/\\\/tekraad.no\\\/tjenester\\\/tilstandsanalyser\\\/\",\"url\":\"https:\\\/\\\/tekraad.no\\\/tjenester\\\/tilstandsanalyser\\\/\",\"name\":\"Tilstandsanalyse av AV-, lyd- og scenetekniske anlegg | TR\u00c5D AS\",\"isPartOf\":{\"@id\":\"https:\\\/\\\/tekraad.no\\\/#website\"},\"primaryImageOfPage\":{\"@id\":\"https:\\\/\\\/tekraad.no\\\/tjenester\\\/tilstandsanalyser\\\/#primaryimage\"},\"image\":{\"@id\":\"https:\\\/\\\/tekraad.no\\\/tjenester\\\/tilstandsanalyser\\\/#primaryimage\"},\"thumbnailUrl\":\"https:\\\/\\\/tekraad.no\\\/wp-content\\\/uploads\\\/2025\\\/11\\\/DSC3453_2.jpg\",\"datePublished\":\"2025-10-31T12:51:21+00:00\",\"dateModified\":\"2026-01-26T10:02:46+00:00\",\"description\":\"TR\u00c5D AS utf\u00f8rer tekniske analyser av eksisterende anlegg og gir tydelige anbefalinger for vedlikehold, oppgradering og videre tiltak.\",\"breadcrumb\":{\"@id\":\"https:\\\/\\\/tekraad.no\\\/tjenester\\\/tilstandsanalyser\\\/#breadcrumb\"},\"inLanguage\":\"en-GB\",\"potentialAction\":[{\"@type\":\"ReadAction\",\"target\":[\"https:\\\/\\\/tekraad.no\\\/tjenester\\\/tilstandsanalyser\\\/\"]}]},{\"@type\":\"ImageObject\",\"inLanguage\":\"en-GB\",\"@id\":\"https:\\\/\\\/tekraad.no\\\/tjenester\\\/tilstandsanalyser\\\/#primaryimage\",\"url\":\"https:\\\/\\\/tekraad.no\\\/wp-content\\\/uploads\\\/2025\\\/11\\\/DSC3453_2.jpg\",\"contentUrl\":\"https:\\\/\\\/tekraad.no\\\/wp-content\\\/uploads\\\/2025\\\/11\\\/DSC3453_2.jpg\",\"width\":2048,\"height\":896,\"caption\":\"To personer sett bakfra, begge if\u00f8rt gule refleksvester med \\\"TRAD\\\"-logoen. Den ene har hvit vernehjelm og den andre svart klatrehjelm. De ser opp mot en rigg med teaterlyskastere i et m\u00f8rkt scenerom.\"},{\"@type\":\"BreadcrumbList\",\"@id\":\"https:\\\/\\\/tekraad.no\\\/tjenester\\\/tilstandsanalyser\\\/#breadcrumb\",\"itemListElement\":[{\"@type\":\"ListItem\",\"position\":1,\"name\":\"Hjem\",\"item\":\"https:\\\/\\\/tekraad.no\\\/\"},{\"@type\":\"ListItem\",\"position\":2,\"name\":\"Tjenester\",\"item\":\"https:\\\/\\\/tekraad.no\\\/tjenester\\\/\"},{\"@type\":\"ListItem\",\"position\":3,\"name\":\"Tilstandsanalyser\"}]},{\"@type\":\"WebSite\",\"@id\":\"https:\\\/\\\/tekraad.no\\\/#website\",\"url\":\"https:\\\/\\\/tekraad.no\\\/\",\"name\":\"TR\u00c5D AS\",\"description\":\"Teknisk r\u00e5dgivning innen lyd, lys, bilde og scene\",\"publisher\":{\"@id\":\"https:\\\/\\\/tekraad.no\\\/#organization\"},\"alternateName\":\"TR\u00c5D AS\",\"potentialAction\":[{\"@type\":\"SearchAction\",\"target\":{\"@type\":\"EntryPoint\",\"urlTemplate\":\"https:\\\/\\\/tekraad.no\\\/?s={search_term_string}\"},\"query-input\":{\"@type\":\"PropertyValueSpecification\",\"valueRequired\":true,\"valueName\":\"search_term_string\"}}],\"inLanguage\":\"en-GB\"},{\"@type\":\"Organization\",\"@id\":\"https:\\\/\\\/tekraad.no\\\/#organization\",\"name\":\"TR\u00c5D AS\",\"alternateName\":\"TR\u00c5D AS\",\"url\":\"https:\\\/\\\/tekraad.no\\\/\",\"logo\":{\"@type\":\"ImageObject\",\"inLanguage\":\"en-GB\",\"@id\":\"https:\\\/\\\/tekraad.no\\\/#\\\/schema\\\/logo\\\/image\\\/\",\"url\":\"https:\\\/\\\/tekraad.no\\\/wp-content\\\/uploads\\\/2025\\\/10\\\/Logo-hvit-tekst-u-bakgrunn-e1763987293366.png\",\"contentUrl\":\"https:\\\/\\\/tekraad.no\\\/wp-content\\\/uploads\\\/2025\\\/10\\\/Logo-hvit-tekst-u-bakgrunn-e1763987293366.png\",\"width\":1450,\"height\":602,\"caption\":\"TR\u00c5D AS\"},\"image\":{\"@id\":\"https:\\\/\\\/tekraad.no\\\/#\\\/schema\\\/logo\\\/image\\\/\"},\"sameAs\":[\"https:\\\/\\\/www.facebook.com\\\/traadface\\\/?locale=nb_NO\",\"https:\\\/\\\/no.linkedin.com\\\/company\\\/tekraad\"]}]}<\/script>\n<!-- \/ Yoast SEO plugin. -->","yoast_head_json":{"title":"Technical Condition Assessments | TR\u00c5D AS","description":"TR\u00c5D AS performs technical assessments of existing systems and provides clear recommendations for maintenance, upgrades and further actions.","robots":{"index":"index","follow":"follow","max-snippet":"max-snippet:-1","max-image-preview":"max-image-preview:large","max-video-preview":"max-video-preview:-1"},"canonical":"https:\/\/tekraad.no\/en\/services\/condition-assessments\/","og_locale":"en_GB","og_type":"article","og_title":"Tilstandsanalyse av AV-, lyd- og scenetekniske anlegg | TR\u00c5D AS","og_description":"TR\u00c5D AS utf\u00f8rer tekniske analyser av eksisterende anlegg og gir tydelige anbefalinger for vedlikehold, oppgradering og videre tiltak.","og_url":"https:\/\/tekraad.no\/en\/services\/condition-assessments\/","og_site_name":"TR\u00c5D AS","article_publisher":"https:\/\/www.facebook.com\/traadface\/?locale=nb_NO","article_modified_time":"2026-01-26T10:02:46+00:00","og_image":[{"width":2048,"height":896,"url":"https:\/\/tekraad.no\/wp-content\/uploads\/2025\/11\/DSC3453_2.jpg","type":"image\/jpeg"}],"twitter_card":"summary_large_image","twitter_misc":{"Estimated reading time":"1 minute"},"schema":{"@context":"https:\/\/schema.org","@graph":[{"@type":"WebPage","@id":"https:\/\/tekraad.no\/tjenester\/tilstandsanalyser\/","url":"https:\/\/tekraad.no\/tjenester\/tilstandsanalyser\/","name":"Technical Condition Assessments | TR\u00c5D AS","isPartOf":{"@id":"https:\/\/tekraad.no\/#website"},"primaryImageOfPage":{"@id":"https:\/\/tekraad.no\/tjenester\/tilstandsanalyser\/#primaryimage"},"image":{"@id":"https:\/\/tekraad.no\/tjenester\/tilstandsanalyser\/#primaryimage"},"thumbnailUrl":"https:\/\/tekraad.no\/wp-content\/uploads\/2025\/11\/DSC3453_2.jpg","datePublished":"2025-10-31T12:51:21+00:00","dateModified":"2026-01-26T10:02:46+00:00","description":"TR\u00c5D AS performs technical assessments of existing systems and provides clear recommendations for maintenance, upgrades and further actions.","breadcrumb":{"@id":"https:\/\/tekraad.no\/tjenester\/tilstandsanalyser\/#breadcrumb"},"inLanguage":"en-GB","potentialAction":[{"@type":"ReadAction","target":["https:\/\/tekraad.no\/tjenester\/tilstandsanalyser\/"]}]},{"@type":"ImageObject","inLanguage":"en-GB","@id":"https:\/\/tekraad.no\/tjenester\/tilstandsanalyser\/#primaryimage","url":"https:\/\/tekraad.no\/wp-content\/uploads\/2025\/11\/DSC3453_2.jpg","contentUrl":"https:\/\/tekraad.no\/wp-content\/uploads\/2025\/11\/DSC3453_2.jpg","width":2048,"height":896,"caption":"To personer sett bakfra, begge if\u00f8rt gule refleksvester med \"TRAD\"-logoen. Den ene har hvit vernehjelm og den andre svart klatrehjelm. De ser opp mot en rigg med teaterlyskastere i et m\u00f8rkt scenerom."},{"@type":"BreadcrumbList","@id":"https:\/\/tekraad.no\/tjenester\/tilstandsanalyser\/#breadcrumb","itemListElement":[{"@type":"ListItem","position":1,"name":"Hjem","item":"https:\/\/tekraad.no\/"},{"@type":"ListItem","position":2,"name":"Tjenester","item":"https:\/\/tekraad.no\/tjenester\/"},{"@type":"ListItem","position":3,"name":"Tilstandsanalyser"}]},{"@type":"WebSite","@id":"https:\/\/tekraad.no\/#website","url":"https:\/\/tekraad.no\/","name":"TR\u00c5D AS","description":"Teknisk r\u00e5dgivning innen lyd, lys, bilde og scene","publisher":{"@id":"https:\/\/tekraad.no\/#organization"},"alternateName":"TR\u00c5D AS","potentialAction":[{"@type":"SearchAction","target":{"@type":"EntryPoint","urlTemplate":"https:\/\/tekraad.no\/?s={search_term_string}"},"query-input":{"@type":"PropertyValueSpecification","valueRequired":true,"valueName":"search_term_string"}}],"inLanguage":"en-GB"},{"@type":"Organization","@id":"https:\/\/tekraad.no\/#organization","name":"TR\u00c5D AS","alternateName":"TR\u00c5D AS","url":"https:\/\/tekraad.no\/","logo":{"@type":"ImageObject","inLanguage":"en-GB","@id":"https:\/\/tekraad.no\/#\/schema\/logo\/image\/","url":"https:\/\/tekraad.no\/wp-content\/uploads\/2025\/10\/Logo-hvit-tekst-u-bakgrunn-e1763987293366.png","contentUrl":"https:\/\/tekraad.no\/wp-content\/uploads\/2025\/10\/Logo-hvit-tekst-u-bakgrunn-e1763987293366.png","width":1450,"height":602,"caption":"TR\u00c5D AS"},"image":{"@id":"https:\/\/tekraad.no\/#\/schema\/logo\/image\/"},"sameAs":["https:\/\/www.facebook.com\/traadface\/?locale=nb_NO","https:\/\/no.linkedin.com\/company\/tekraad"]}]}},"_links":{"self":[{"href":"https:\/\/tekraad.no\/en\/wp-json\/wp\/v2\/pages\/35","targetHints":{"allow":["GET"]}}],"collection":[{"href":"https:\/\/tekraad.no\/en\/wp-json\/wp\/v2\/pages"}],"about":[{"href":"https:\/\/tekraad.no\/en\/wp-json\/wp\/v2\/types\/page"}],"author":[{"embeddable":true,"href":"https:\/\/tekraad.no\/en\/wp-json\/wp\/v2\/users\/1"}],"replies":[{"embeddable":true,"href":"https:\/\/tekraad.no\/en\/wp-json\/wp\/v2\/comments?post=35"}],"version-history":[{"count":5,"href":"https:\/\/tekraad.no\/en\/wp-json\/wp\/v2\/pages\/35\/revisions"}],"predecessor-version":[{"id":811,"href":"https:\/\/tekraad.no\/en\/wp-json\/wp\/v2\/pages\/35\/revisions\/811"}],"up":[{"embeddable":true,"href":"https:\/\/tekraad.no\/en\/wp-json\/wp\/v2\/pages\/19"}],"wp:featuredmedia":[{"embeddable":true,"href":"https:\/\/tekraad.no\/en\/wp-json\/wp\/v2\/media\/276"}],"wp:attachment":[{"href":"https:\/\/tekraad.no\/en\/wp-json\/wp\/v2\/media?parent=35"}],"wp:term":[{"taxonomy":"mal-kategori","embeddable":true,"href":"https:\/\/tekraad.no\/en\/wp-json\/wp\/v2\/mal-kategori?post=35"}],"curies":[{"name":"wp","href":"https:\/\/api.w.org\/{rel}","templated":true}]}}