{"id":32,"date":"2025-10-31T13:50:55","date_gmt":"2025-10-31T12:50:55","guid":{"rendered":"https:\/\/trad.hornstaging.no\/?page_id=32"},"modified":"2026-01-26T11:02:40","modified_gmt":"2026-01-26T10:02:40","slug":"design-and-engineering","status":"publish","type":"page","link":"https:\/\/tekraad.no\/en\/tjenester\/prosjektering\/","title":{"rendered":"Design and engineering"},"content":{"rendered":"<p class=\"translation-block\">We design technical solutions for sound, lighting, video, stage and mechanics in both new constructions and renovation projects. Through functional descriptions, technical drawings and specifications, we ensure solutions that meet requirements, standards and the building\u2019s intended use. We emphasise ease of operation, flexibility and solid integration with other technical systems.<\/p>\n\n\n\n<div style=\"height:20px\" aria-hidden=\"true\" class=\"wp-block-spacer\"><\/div>\n\n\n<figure class=\"wp-block-post-featured-image\"><img fetchpriority=\"high\" decoding=\"async\" width=\"1463\" height=\"975\" src=\"https:\/\/tekraad.no\/wp-content\/uploads\/2025\/11\/DSC2950_2.jpg\" class=\"attachment-post-thumbnail size-post-thumbnail wp-post-image\" alt=\"N\u00e6rbilde av en arbeidsstasjon med en ultrabred, buet dataskjerm som viser tekniske tegninger av et rom med AV-utstyr. En h\u00e5nd hviler p\u00e5 et tastatur i forgrunnen, og en hvit Genelec-h\u00f8yttaler st\u00e5r ved siden av skjermen.\" style=\"object-fit:cover;\" srcset=\"https:\/\/tekraad.no\/wp-content\/uploads\/2025\/11\/DSC2950_2.jpg 1463w, https:\/\/tekraad.no\/wp-content\/uploads\/2025\/11\/DSC2950_2-300x200.jpg 300w, https:\/\/tekraad.no\/wp-content\/uploads\/2025\/11\/DSC2950_2-1024x682.jpg 1024w, https:\/\/tekraad.no\/wp-content\/uploads\/2025\/11\/DSC2950_2-768x512.jpg 768w, https:\/\/tekraad.no\/wp-content\/uploads\/2025\/11\/DSC2950_2-18x12.jpg 18w\" sizes=\"(max-width: 1463px) 100vw, 1463px\" \/><\/figure>","protected":false},"excerpt":{"rendered":"<p>We plan and design technical solutions within sound, lighting, video, stage and mechanics to ensure functional, safe and reliable buildings.<\/p>","protected":false},"author":1,"featured_media":278,"parent":19,"menu_order":0,"comment_status":"closed","ping_status":"closed","template":"","meta":{"_acf_changed":false,"footnotes":""},"mal-kategori":[8],"class_list":["post-32","page","type-page","status-publish","has-post-thumbnail","hentry","mal-kategori-tjenesteside"],"acf":[],"yoast_head":"<!-- This site is optimized with the Yoast SEO plugin v27.3 - https:\/\/yoast.com\/product\/yoast-seo-wordpress\/ -->\n<title>Prosjektering av lyd, lys, bilde, scene og mekanikk | TR\u00c5D AS<\/title>\n<meta name=\"description\" content=\"TR\u00c5D AS leverer teknisk prosjektering for nybygg og rehabilitering \u2013 med fokus p\u00e5 funksjonalitet, driftssikkerhet og integrasjon.\" \/>\n<meta name=\"robots\" content=\"index, follow, max-snippet:-1, max-image-preview:large, max-video-preview:-1\" \/>\n<link rel=\"canonical\" href=\"https:\/\/tekraad.no\/en\/services\/design-and-engineering\/\" \/>\n<meta property=\"og:locale\" content=\"en_GB\" \/>\n<meta property=\"og:type\" content=\"article\" \/>\n<meta property=\"og:title\" content=\"Prosjektering av lyd, lys, bilde, scene og mekanikk | TR\u00c5D AS\" \/>\n<meta property=\"og:description\" content=\"TR\u00c5D AS leverer teknisk prosjektering for nybygg og rehabilitering \u2013 med fokus p\u00e5 funksjonalitet, driftssikkerhet og integrasjon.\" \/>\n<meta property=\"og:url\" content=\"https:\/\/tekraad.no\/en\/services\/design-and-engineering\/\" \/>\n<meta property=\"og:site_name\" content=\"TR\u00c5D AS\" \/>\n<meta property=\"article:publisher\" content=\"https:\/\/www.facebook.com\/traadface\/?locale=nb_NO\" \/>\n<meta property=\"article:modified_time\" content=\"2026-01-26T10:02:40+00:00\" \/>\n<meta property=\"og:image\" content=\"https:\/\/tekraad.no\/wp-content\/uploads\/2025\/11\/DSC2950_2.jpg\" \/>\n\t<meta property=\"og:image:width\" content=\"1463\" \/>\n\t<meta property=\"og:image:height\" content=\"975\" \/>\n\t<meta property=\"og:image:type\" content=\"image\/jpeg\" \/>\n<meta name=\"twitter:card\" content=\"summary_large_image\" \/>\n<meta name=\"twitter:label1\" content=\"Estimated reading time\" \/>\n\t<meta name=\"twitter:data1\" content=\"1 minute\" \/>\n<script type=\"application\/ld+json\" class=\"yoast-schema-graph\">{\"@context\":\"https:\\\/\\\/schema.org\",\"@graph\":[{\"@type\":\"WebPage\",\"@id\":\"https:\\\/\\\/tekraad.no\\\/tjenester\\\/prosjektering\\\/\",\"url\":\"https:\\\/\\\/tekraad.no\\\/tjenester\\\/prosjektering\\\/\",\"name\":\"Prosjektering av lyd, lys, bilde, scene og mekanikk | TR\u00c5D AS\",\"isPartOf\":{\"@id\":\"https:\\\/\\\/tekraad.no\\\/#website\"},\"primaryImageOfPage\":{\"@id\":\"https:\\\/\\\/tekraad.no\\\/tjenester\\\/prosjektering\\\/#primaryimage\"},\"image\":{\"@id\":\"https:\\\/\\\/tekraad.no\\\/tjenester\\\/prosjektering\\\/#primaryimage\"},\"thumbnailUrl\":\"https:\\\/\\\/tekraad.no\\\/wp-content\\\/uploads\\\/2025\\\/11\\\/DSC2950_2.jpg\",\"datePublished\":\"2025-10-31T12:50:55+00:00\",\"dateModified\":\"2026-01-26T10:02:40+00:00\",\"description\":\"TR\u00c5D AS leverer teknisk prosjektering for nybygg og rehabilitering \u2013 med fokus p\u00e5 funksjonalitet, driftssikkerhet og integrasjon.\",\"breadcrumb\":{\"@id\":\"https:\\\/\\\/tekraad.no\\\/tjenester\\\/prosjektering\\\/#breadcrumb\"},\"inLanguage\":\"en-GB\",\"potentialAction\":[{\"@type\":\"ReadAction\",\"target\":[\"https:\\\/\\\/tekraad.no\\\/tjenester\\\/prosjektering\\\/\"]}]},{\"@type\":\"ImageObject\",\"inLanguage\":\"en-GB\",\"@id\":\"https:\\\/\\\/tekraad.no\\\/tjenester\\\/prosjektering\\\/#primaryimage\",\"url\":\"https:\\\/\\\/tekraad.no\\\/wp-content\\\/uploads\\\/2025\\\/11\\\/DSC2950_2.jpg\",\"contentUrl\":\"https:\\\/\\\/tekraad.no\\\/wp-content\\\/uploads\\\/2025\\\/11\\\/DSC2950_2.jpg\",\"width\":1463,\"height\":975,\"caption\":\"N\u00e6rbilde av en arbeidsstasjon med en ultrabred, buet dataskjerm som viser tekniske tegninger av et rom med AV-utstyr. En h\u00e5nd hviler p\u00e5 et tastatur i forgrunnen, og en hvit Genelec-h\u00f8yttaler st\u00e5r ved siden av skjermen.\"},{\"@type\":\"BreadcrumbList\",\"@id\":\"https:\\\/\\\/tekraad.no\\\/tjenester\\\/prosjektering\\\/#breadcrumb\",\"itemListElement\":[{\"@type\":\"ListItem\",\"position\":1,\"name\":\"Hjem\",\"item\":\"https:\\\/\\\/tekraad.no\\\/\"},{\"@type\":\"ListItem\",\"position\":2,\"name\":\"Tjenester\",\"item\":\"https:\\\/\\\/tekraad.no\\\/tjenester\\\/\"},{\"@type\":\"ListItem\",\"position\":3,\"name\":\"Prosjektering\"}]},{\"@type\":\"WebSite\",\"@id\":\"https:\\\/\\\/tekraad.no\\\/#website\",\"url\":\"https:\\\/\\\/tekraad.no\\\/\",\"name\":\"TR\u00c5D AS\",\"description\":\"Teknisk r\u00e5dgivning innen lyd, lys, bilde og scene\",\"publisher\":{\"@id\":\"https:\\\/\\\/tekraad.no\\\/#organization\"},\"alternateName\":\"TR\u00c5D AS\",\"potentialAction\":[{\"@type\":\"SearchAction\",\"target\":{\"@type\":\"EntryPoint\",\"urlTemplate\":\"https:\\\/\\\/tekraad.no\\\/?s={search_term_string}\"},\"query-input\":{\"@type\":\"PropertyValueSpecification\",\"valueRequired\":true,\"valueName\":\"search_term_string\"}}],\"inLanguage\":\"en-GB\"},{\"@type\":\"Organization\",\"@id\":\"https:\\\/\\\/tekraad.no\\\/#organization\",\"name\":\"TR\u00c5D AS\",\"alternateName\":\"TR\u00c5D AS\",\"url\":\"https:\\\/\\\/tekraad.no\\\/\",\"logo\":{\"@type\":\"ImageObject\",\"inLanguage\":\"en-GB\",\"@id\":\"https:\\\/\\\/tekraad.no\\\/#\\\/schema\\\/logo\\\/image\\\/\",\"url\":\"https:\\\/\\\/tekraad.no\\\/wp-content\\\/uploads\\\/2025\\\/10\\\/Logo-hvit-tekst-u-bakgrunn-e1763987293366.png\",\"contentUrl\":\"https:\\\/\\\/tekraad.no\\\/wp-content\\\/uploads\\\/2025\\\/10\\\/Logo-hvit-tekst-u-bakgrunn-e1763987293366.png\",\"width\":1450,\"height\":602,\"caption\":\"TR\u00c5D AS\"},\"image\":{\"@id\":\"https:\\\/\\\/tekraad.no\\\/#\\\/schema\\\/logo\\\/image\\\/\"},\"sameAs\":[\"https:\\\/\\\/www.facebook.com\\\/traadface\\\/?locale=nb_NO\",\"https:\\\/\\\/no.linkedin.com\\\/company\\\/tekraad\"]}]}<\/script>\n<!-- \/ Yoast SEO plugin. -->","yoast_head_json":{"title":"Design &amp; Engineering | Technical Solutions | TR\u00c5D","description":"We design stage, sound, and light systems for new and old buildings. TR\u00c5D AS ensures safe, reliable, and standardized technical solutions.","robots":{"index":"index","follow":"follow","max-snippet":"max-snippet:-1","max-image-preview":"max-image-preview:large","max-video-preview":"max-video-preview:-1"},"canonical":"https:\/\/tekraad.no\/en\/services\/design-and-engineering\/","og_locale":"en_GB","og_type":"article","og_title":"Prosjektering av lyd, lys, bilde, scene og mekanikk | TR\u00c5D AS","og_description":"TR\u00c5D AS leverer teknisk prosjektering for nybygg og rehabilitering \u2013 med fokus p\u00e5 funksjonalitet, driftssikkerhet og integrasjon.","og_url":"https:\/\/tekraad.no\/en\/services\/design-and-engineering\/","og_site_name":"TR\u00c5D AS","article_publisher":"https:\/\/www.facebook.com\/traadface\/?locale=nb_NO","article_modified_time":"2026-01-26T10:02:40+00:00","og_image":[{"width":1463,"height":975,"url":"https:\/\/tekraad.no\/wp-content\/uploads\/2025\/11\/DSC2950_2.jpg","type":"image\/jpeg"}],"twitter_card":"summary_large_image","twitter_misc":{"Estimated reading time":"1 minute"},"schema":{"@context":"https:\/\/schema.org","@graph":[{"@type":"WebPage","@id":"https:\/\/tekraad.no\/tjenester\/prosjektering\/","url":"https:\/\/tekraad.no\/tjenester\/prosjektering\/","name":"Design &amp; Engineering | Technical Solutions | TR\u00c5D","isPartOf":{"@id":"https:\/\/tekraad.no\/#website"},"primaryImageOfPage":{"@id":"https:\/\/tekraad.no\/tjenester\/prosjektering\/#primaryimage"},"image":{"@id":"https:\/\/tekraad.no\/tjenester\/prosjektering\/#primaryimage"},"thumbnailUrl":"https:\/\/tekraad.no\/wp-content\/uploads\/2025\/11\/DSC2950_2.jpg","datePublished":"2025-10-31T12:50:55+00:00","dateModified":"2026-01-26T10:02:40+00:00","description":"We design stage, sound, and light systems for new and old buildings. TR\u00c5D AS ensures safe, reliable, and standardized technical solutions.","breadcrumb":{"@id":"https:\/\/tekraad.no\/tjenester\/prosjektering\/#breadcrumb"},"inLanguage":"en-GB","potentialAction":[{"@type":"ReadAction","target":["https:\/\/tekraad.no\/tjenester\/prosjektering\/"]}]},{"@type":"ImageObject","inLanguage":"en-GB","@id":"https:\/\/tekraad.no\/tjenester\/prosjektering\/#primaryimage","url":"https:\/\/tekraad.no\/wp-content\/uploads\/2025\/11\/DSC2950_2.jpg","contentUrl":"https:\/\/tekraad.no\/wp-content\/uploads\/2025\/11\/DSC2950_2.jpg","width":1463,"height":975,"caption":"N\u00e6rbilde av en arbeidsstasjon med en ultrabred, buet dataskjerm som viser tekniske tegninger av et rom med AV-utstyr. En h\u00e5nd hviler p\u00e5 et tastatur i forgrunnen, og en hvit Genelec-h\u00f8yttaler st\u00e5r ved siden av skjermen."},{"@type":"BreadcrumbList","@id":"https:\/\/tekraad.no\/tjenester\/prosjektering\/#breadcrumb","itemListElement":[{"@type":"ListItem","position":1,"name":"Hjem","item":"https:\/\/tekraad.no\/"},{"@type":"ListItem","position":2,"name":"Tjenester","item":"https:\/\/tekraad.no\/tjenester\/"},{"@type":"ListItem","position":3,"name":"Prosjektering"}]},{"@type":"WebSite","@id":"https:\/\/tekraad.no\/#website","url":"https:\/\/tekraad.no\/","name":"TR\u00c5D AS","description":"Teknisk r\u00e5dgivning innen lyd, lys, bilde og scene","publisher":{"@id":"https:\/\/tekraad.no\/#organization"},"alternateName":"TR\u00c5D AS","potentialAction":[{"@type":"SearchAction","target":{"@type":"EntryPoint","urlTemplate":"https:\/\/tekraad.no\/?s={search_term_string}"},"query-input":{"@type":"PropertyValueSpecification","valueRequired":true,"valueName":"search_term_string"}}],"inLanguage":"en-GB"},{"@type":"Organization","@id":"https:\/\/tekraad.no\/#organization","name":"TR\u00c5D AS","alternateName":"TR\u00c5D AS","url":"https:\/\/tekraad.no\/","logo":{"@type":"ImageObject","inLanguage":"en-GB","@id":"https:\/\/tekraad.no\/#\/schema\/logo\/image\/","url":"https:\/\/tekraad.no\/wp-content\/uploads\/2025\/10\/Logo-hvit-tekst-u-bakgrunn-e1763987293366.png","contentUrl":"https:\/\/tekraad.no\/wp-content\/uploads\/2025\/10\/Logo-hvit-tekst-u-bakgrunn-e1763987293366.png","width":1450,"height":602,"caption":"TR\u00c5D AS"},"image":{"@id":"https:\/\/tekraad.no\/#\/schema\/logo\/image\/"},"sameAs":["https:\/\/www.facebook.com\/traadface\/?locale=nb_NO","https:\/\/no.linkedin.com\/company\/tekraad"]}]}},"_links":{"self":[{"href":"https:\/\/tekraad.no\/en\/wp-json\/wp\/v2\/pages\/32","targetHints":{"allow":["GET"]}}],"collection":[{"href":"https:\/\/tekraad.no\/en\/wp-json\/wp\/v2\/pages"}],"about":[{"href":"https:\/\/tekraad.no\/en\/wp-json\/wp\/v2\/types\/page"}],"author":[{"embeddable":true,"href":"https:\/\/tekraad.no\/en\/wp-json\/wp\/v2\/users\/1"}],"replies":[{"embeddable":true,"href":"https:\/\/tekraad.no\/en\/wp-json\/wp\/v2\/comments?post=32"}],"version-history":[{"count":5,"href":"https:\/\/tekraad.no\/en\/wp-json\/wp\/v2\/pages\/32\/revisions"}],"predecessor-version":[{"id":802,"href":"https:\/\/tekraad.no\/en\/wp-json\/wp\/v2\/pages\/32\/revisions\/802"}],"up":[{"embeddable":true,"href":"https:\/\/tekraad.no\/en\/wp-json\/wp\/v2\/pages\/19"}],"wp:featuredmedia":[{"embeddable":true,"href":"https:\/\/tekraad.no\/en\/wp-json\/wp\/v2\/media\/278"}],"wp:attachment":[{"href":"https:\/\/tekraad.no\/en\/wp-json\/wp\/v2\/media?parent=32"}],"wp:term":[{"taxonomy":"mal-kategori","embeddable":true,"href":"https:\/\/tekraad.no\/en\/wp-json\/wp\/v2\/mal-kategori?post=32"}],"curies":[{"name":"wp","href":"https:\/\/api.w.org\/{rel}","templated":true}]}}