{"id":1097,"date":"2026-01-19T11:48:54","date_gmt":"2026-01-19T10:48:54","guid":{"rendered":"https:\/\/trad.hornstaging.no\/?page_id=1097"},"modified":"2026-01-26T10:58:24","modified_gmt":"2026-01-26T09:58:24","slug":"privacy-policy","status":"publish","type":"page","link":"https:\/\/tekraad.no\/en\/personvern\/","title":{"rendered":"Privacy Policy"},"content":{"rendered":"<style>.elementor-1097 .elementor-element.elementor-element-02506ba{--display:flex;--min-height:0px;--flex-direction:row;--container-widget-width:initial;--container-widget-height:100%;--container-widget-flex-grow:1;--container-widget-align-self:stretch;--flex-wrap-mobile:wrap;--overlay-opacity:0.7;--padding-top:300px;--padding-bottom:60px;--padding-left:30px;--padding-right:30px;}.elementor-1097 .elementor-element.elementor-element-02506ba:not(.elementor-motion-effects-element-type-background), .elementor-1097 .elementor-element.elementor-element-02506ba > .elementor-motion-effects-container > .elementor-motion-effects-layer{background-image:url(\"https:\/\/tekraad.no\/wp-content\/uploads\/2025\/10\/AdobeStock_10022924.jpg\");background-position:bottom center;background-repeat:no-repeat;background-size:cover;}.elementor-1097 .elementor-element.elementor-element-02506ba::before, .elementor-1097 .elementor-element.elementor-element-02506ba > .elementor-background-video-container::before, .elementor-1097 .elementor-element.elementor-element-02506ba > .e-con-inner > .elementor-background-video-container::before, .elementor-1097 .elementor-element.elementor-element-02506ba > .elementor-background-slideshow::before, .elementor-1097 .elementor-element.elementor-element-02506ba > .e-con-inner > .elementor-background-slideshow::before, .elementor-1097 .elementor-element.elementor-element-02506ba > .elementor-motion-effects-container > .elementor-motion-effects-layer::before{--background-overlay:'';background-color:var( --e-global-color-80758a9 );}.elementor-1097 .elementor-element.elementor-element-8d841b4{--display:flex;--padding-top:0px;--padding-bottom:0px;--padding-left:0px;--padding-right:0px;}.elementor-1097 .elementor-element.elementor-element-5f2089a .elementor-heading-title{font-family:\"Exo\", Sans-serif;font-size:70px;font-weight:600;text-transform:none;font-style:normal;text-decoration:none;line-height:1.1em;letter-spacing:-0.05em;color:var( --e-global-color-f4335ba );}.elementor-1097 .elementor-element.elementor-element-5f2089a{margin:-10px 80px calc(var(--kit-widget-spacing, 0px) + 0px) 0px;}.elementor-1097 .elementor-element.elementor-element-5503f40{--display:flex;--flex-direction:column;--container-widget-width:100%;--container-widget-height:initial;--container-widget-flex-grow:0;--container-widget-align-self:initial;--flex-wrap-mobile:wrap;--padding-top:100px;--padding-bottom:100px;--padding-left:30px;--padding-right:30px;}@media(max-width:1024px){.elementor-1097 .elementor-element.elementor-element-02506ba{--flex-wrap:wrap;--padding-top:250px;--padding-bottom:60px;--padding-left:30px;--padding-right:30px;}.elementor-1097 .elementor-element.elementor-element-5f2089a .elementor-heading-title{font-size:50px;}.elementor-1097 .elementor-element.elementor-element-5f2089a{margin:0px 0px calc(var(--kit-widget-spacing, 0px) + 0px) 0px;padding:0px 0px 0px 0px;}}@media(max-width:767px){.elementor-1097 .elementor-element.elementor-element-02506ba{--padding-top:200px;--padding-bottom:40px;--padding-left:20px;--padding-right:20px;}.elementor-1097 .elementor-element.elementor-element-5f2089a .elementor-heading-title{font-size:30px;}.elementor-1097 .elementor-element.elementor-element-5f2089a{margin:-5px 0px calc(var(--kit-widget-spacing, 0px) + 0px) 0px;}.elementor-1097 .elementor-element.elementor-element-5503f40{--padding-top:60px;--padding-bottom:60px;--padding-left:20px;--padding-right:20px;}}@media(min-width:768px){.elementor-1097 .elementor-element.elementor-element-02506ba{--content-width:1400px;}.elementor-1097 .elementor-element.elementor-element-8d841b4{--width:65%;}.elementor-1097 .elementor-element.elementor-element-5503f40{--content-width:1400px;}}@media(max-width:1024px) and (min-width:768px){.elementor-1097 .elementor-element.elementor-element-8d841b4{--width:100%;}}<\/style>\t\t<div data-elementor-type=\"wp-page\" data-elementor-id=\"1097\" class=\"elementor elementor-1097\" data-elementor-post-type=\"page\">\n\t\t\t\t<div class=\"elementor-element elementor-element-02506ba e-flex e-con-boxed e-con e-child\" data-id=\"02506ba\" data-element_type=\"container\" data-e-type=\"container\" data-settings=\"{&quot;background_background&quot;:&quot;classic&quot;}\">\n\t\t\t\t\t<div class=\"e-con-inner\">\n\t\t<div class=\"elementor-element elementor-element-8d841b4 e-con-full e-flex e-con e-child\" data-id=\"8d841b4\" data-element_type=\"container\" data-e-type=\"container\">\n\t\t\t\t<div class=\"elementor-element elementor-element-5f2089a elementor-invisible elementor-widget elementor-widget-heading\" data-id=\"5f2089a\" data-element_type=\"widget\" data-e-type=\"widget\" data-settings=\"{&quot;_animation&quot;:&quot;fadeIn&quot;,&quot;_animation_delay&quot;:200}\" data-widget_type=\"heading.default\">\n\t\t\t\t\t<h1 class=\"elementor-heading-title elementor-size-default\">Privacy Policy<\/h1>\t\t\t\t<\/div>\n\t\t\t\t<\/div>\n\t\t\t\t\t<\/div>\n\t\t\t\t<\/div>\n\t\t<div class=\"elementor-element elementor-element-5503f40 e-flex e-con-boxed e-con e-parent\" data-id=\"5503f40\" data-element_type=\"container\" data-e-type=\"container\">\n\t\t\t\t\t<div class=\"e-con-inner\">\n\t\t\t\t<div class=\"elementor-element elementor-element-466b87c elementor-widget elementor-widget-text-editor\" data-id=\"466b87c\" data-element_type=\"widget\" data-e-type=\"widget\" data-widget_type=\"text-editor.default\">\n\t\t\t\t\t\t\t\t\t<h2>Privacy Policy for Tr\u00e5d AS and www.tekraad.no<\/h2><p><span style=\"font-weight: 400;\">This privacy policy describes what types of personal data Tr\u00e5d AS collects and how this personal data is processed.<\/span><\/p><p><span style=\"font-weight: 400;\">Tr\u00e5d AS complies with the Norwegian Personal Data Act (personopplysningsloven). This privacy policy has been prepared in accordance with the requirements of Sections 18 and 19 of the Personal Data Act.<\/span><\/p><h3>What is Personal Data<\/h3><p><span style=\"font-weight: 400;\">Personal data is information relating to an individual. This may include the person's name, address, place of work, marital status, telephone number, email address, etc. Information regarding your contact with, reason for contact, and form of communication with Tr\u00e5d AS may also be understood as personal data.<\/span><\/p><p><span style=\"font-weight: 400;\">Sensitive personal data is neither collected nor used by Tr\u00e5d AS. This refers to personal data such as criminal charges, criminal offenses, health information, and the like.<\/span><\/p><p><span style=\"font-weight: 400;\">If you would like more information about personal data in general, you can visit: https:\/\/www.datatilsynet.no\/en\/about-privacy\/personal-data\/.<\/span><\/p><h3>Who is the Data Controller for your personal data at Tr\u00e5d AS<\/h3><p><span style=\"font-weight: 400;\">Tr\u00e5d AS's own Office Manager is responsible for the company's processing of personal data. In the event of any future delegation, only the tasks are delegated; the responsibility for personal data always rests with Tr\u00e5d AS.<\/span><\/p><h3>Personal Data Tr\u00e5d AS receives<\/h3><p><span style=\"font-weight: 400;\">Tr\u00e5d AS has two sources of personal data, both of which are based on Section 8 of the Personal Data Act.<\/span><\/p><p><span style=\"font-weight: 400;\">Information you provide yourself: The main source of personal data is information you provide. This primarily occurs through the contact form on Tr\u00e5d AS's website. The contact form serves as the meeting point between potential\/existing customers and Tr\u00e5d AS. It is entirely voluntary whether you wish to fill out such a form or remain a passive visitor to the site. Personal data collected via the contact form includes phone number, email, and name.<\/span><\/p><p><span style=\"font-weight: 400;\">Follow-up correspondence: Following the use of the contact form, additional personal information may be generated through email, telephone, and similar correspondence between Tr\u00e5d AS and you as a potential\/existing customer.<\/span><\/p><p><span style=\"font-weight: 400;\">Information collected by Tr\u00e5d AS: Another source of personal data is information Tr\u00e5d AS collects itself. This collection occurs through Google Analytics. It captures how long you spend on the page, your IP address, which links you click, and the number of users on the site at various times, among other things.<\/span><\/p><h3>How Tr\u00e5d AS uses personal data<\/h3><p><span style=\"font-weight: 400;\">The purpose of the contact form and subsequent correspondence is to follow up on inquiries and obligations toward customers. Tr\u00e5d AS relies on such an open platform between itself and its customers to ensure satisfactory communication and the final product.<\/span><\/p><p><span style=\"font-weight: 400;\">The purpose of the information from Google Analytics is to improve the website experience. This may include making layouts more user-friendly, understanding user trends, increasing efficiency, delivering expected services in a better way, and preventing criminal behavior such as hacking.<\/span><\/p><p><span style=\"font-weight: 400;\">The legal basis for Tr\u00e5d AS's processing of personal data is Section 11 of the Personal Data Act.<\/span><\/p><h3>How to manage your own personal data<\/h3><p><span style=\"font-weight: 400;\">The limited amount of personal data Tr\u00e5d AS collects via you and on its own initiative is very marginal compared to other actors and online services. Consequently, self-administration of personal data\u2014such as settings in apps or settings for personalized advertising\u2014is not applicable here. As mentioned, the personal data collected is not used for such purposes.<\/span><\/p><p><span style=\"font-weight: 400;\">However, you always have rights related to your personal data, which you can read more about below.<\/span><\/p><h3>Information sharing with third parties<\/h3><p><span style=\"font-weight: 400;\">Tr\u00e5d AS does not share any personal information from the contact form, its own collections, or information from others with any third party. Should such disclosure nonetheless occur, you will always receive a consent request from us.<\/span><\/p><h3>Secure archiving, deletion, and internal control<\/h3><p><span style=\"font-weight: 400;\">In accordance with Section 13 of the Personal Data Act, all personal data Tr\u00e5d AS receives will be archived on either a secure email or server for the duration of the working relationship between you and Tr\u00e5d AS. Upon termination of the relationship, all communication and personal data will be deleted within 2 years.<\/span><\/p><p><span style=\"font-weight: 400;\">Tr\u00e5d AS has internal controls to ensure that such archiving, security, and deletion take place according to targets and in accordance with legal standards.<\/span><\/p><h3>Your Rights<\/h3><p><span style=\"font-weight: 400;\">Under the Personal Data Act, you as a user or customer of Tr\u00e5d AS have the right to be forgotten, the right to data portability, the right of access, and the right against being profiled.<\/span><\/p><p><span style=\"font-weight: 400;\">The right to be forgotten means that you can request that all personal data registered with Tr\u00e5d AS be deleted. If this is not requested, Tr\u00e5d AS will in any case delete most personal data 2 years after the end of contact.<\/span><\/p><p><span style=\"font-weight: 400;\">The right to data portability means that you can receive a digital copy of all personal data Tr\u00e5d AS has about you. This right also means you can take this personal data to another business if it is technically possible and justifiable. Personal data covered by data portability is data provided to Tr\u00e5d AS, such as through the contact form, or automated personal data generated through the use of Tr\u00e5d AS's services.<\/span><\/p><p><span style=\"font-weight: 400;\">The right of access means that you have the right to see what information Tr\u00e5d AS has registered about you.<\/span><\/p><p><span style=\"font-weight: 400;\">The right against profiling gives you the right to refuse Tr\u00e5d AS from mapping your use and behavior to tailor our services to you. Typical examples would be personalized advertising, service development, market research, etc. This is, however, of little relevance to Tr\u00e5d AS, as Tr\u00e5d AS has little interest or use for such broad and in-depth mapping.<\/span><\/p><p><span style=\"font-weight: 400;\">To exercise one or more of these rights, please contact us. You have a statutory right to receive a response from us within at least 1 month.<\/span><\/p><h3>Children's Privacy<\/h3><p><span style=\"font-weight: 400;\">Tr\u00e5d AS has neither the desire nor the need to collect or process personal data about children under the age of 16. Such personal data must come through a guardian.<\/span><\/p><p><span style=\"font-weight: 400;\">Personal information left by children with Tr\u00e5d AS will be deleted as soon as it comes to Tr\u00e5d AS's knowledge.<\/span><\/p><h3>Data Protection Officer<\/h3><p><span style=\"font-weight: 400;\">Tr\u00e5d AS does not have a Data Protection Officer since the company is not a public entity, does not process sensitive data, does not engage in systematic mapping of individuals, and does not process personal data regarding criminal offenses.<\/span><\/p><h3>Implementation of Changes<\/h3><p><span style=\"font-weight: 400;\">Tr\u00e5d AS will, from time to time, update its privacy policy to ensure it maintains the legal standard required by Norwegian law. You will be informed of such updates.<\/span><\/p><h3>Contact Information<\/h3><p><span style=\"font-weight: 400;\">If you have further questions about Tr\u00e5d AS's privacy policy or other inquiries, you may contact the company.<\/span><\/p><p><span style=\"font-weight: 400;\">Phone: (+47) 975 15 475<\/span><\/p><p><span style=\"font-weight: 400;\">Email: post@tekraad.no<\/span><\/p>\t\t\t\t\t\t\t\t<\/div>\n\t\t\t\t\t<\/div>\n\t\t\t\t<\/div>\n\t\t\t\t<\/div>","protected":false},"excerpt":{"rendered":"<p>Personvern Personvernerkl\u00e6ring for Tr\u00e5d AS og www.tekraad.no Denne personvernerkl\u00e6ringen beskriver hva slags personopplysninger Tr\u00e5d AS samler inn og hvordan disse personopplysningene behandles. Tr\u00e5d AS forholder seg til den norske personopplysningsloven. Denne personvernerkl\u00e6ringen er laget etter kravene i personopplysningsloven \u00a7\u00a7 18 og 19. Hva er personopplysninger Personopplysninger er informasjon om den enkelte person. Dette kan v\u00e6re [&hellip;]<\/p>\n","protected":false},"author":1,"featured_media":0,"parent":0,"menu_order":0,"comment_status":"closed","ping_status":"closed","template":"","meta":{"_acf_changed":false,"footnotes":""},"mal-kategori":[],"class_list":["post-1097","page","type-page","status-publish","hentry"],"acf":[],"yoast_head":"<!-- This site is optimized with the Yoast SEO plugin v27.3 - https:\/\/yoast.com\/product\/yoast-seo-wordpress\/ -->\n<title>Personvern | TR\u00c5D AS<\/title>\n<meta name=\"robots\" content=\"noindex, nofollow\" \/>\n<meta property=\"og:locale\" content=\"en_GB\" \/>\n<meta property=\"og:type\" content=\"article\" \/>\n<meta property=\"og:title\" content=\"Personvern | TR\u00c5D AS\" \/>\n<meta property=\"og:description\" content=\"Personvern Personvernerkl\u00e6ring for Tr\u00e5d AS og www.tekraad.no Denne personvernerkl\u00e6ringen beskriver hva slags personopplysninger Tr\u00e5d AS samler inn og hvordan disse personopplysningene behandles. Tr\u00e5d AS forholder seg til den norske personopplysningsloven. Denne personvernerkl\u00e6ringen er laget etter kravene i personopplysningsloven \u00a7\u00a7 18 og 19. Hva er personopplysninger Personopplysninger er informasjon om den enkelte person. Dette kan v\u00e6re [&hellip;]\" \/>\n<meta property=\"og:url\" content=\"https:\/\/tekraad.no\/en\/privacy-policy\/\" \/>\n<meta property=\"og:site_name\" content=\"TR\u00c5D AS\" \/>\n<meta property=\"article:publisher\" content=\"https:\/\/www.facebook.com\/traadface\/?locale=nb_NO\" \/>\n<meta property=\"article:modified_time\" content=\"2026-01-26T09:58:24+00:00\" \/>\n<meta property=\"og:image\" content=\"https:\/\/tekraad.no\/wp-content\/uploads\/2025\/11\/oprengraph-trad.png\" \/>\n\t<meta property=\"og:image:width\" content=\"2048\" \/>\n\t<meta property=\"og:image:height\" content=\"1363\" \/>\n\t<meta property=\"og:image:type\" content=\"image\/png\" \/>\n<meta name=\"twitter:card\" content=\"summary_large_image\" \/>\n<meta name=\"twitter:label1\" content=\"Estimated reading time\" \/>\n\t<meta name=\"twitter:data1\" content=\"6 minutes\" \/>\n<script type=\"application\/ld+json\" class=\"yoast-schema-graph\">{\"@context\":\"https:\\\/\\\/schema.org\",\"@graph\":[{\"@type\":\"WebPage\",\"@id\":\"https:\\\/\\\/tekraad.no\\\/personvern\\\/\",\"url\":\"https:\\\/\\\/tekraad.no\\\/personvern\\\/\",\"name\":\"Personvern | TR\u00c5D AS\",\"isPartOf\":{\"@id\":\"https:\\\/\\\/tekraad.no\\\/#website\"},\"datePublished\":\"2026-01-19T10:48:54+00:00\",\"dateModified\":\"2026-01-26T09:58:24+00:00\",\"breadcrumb\":{\"@id\":\"https:\\\/\\\/tekraad.no\\\/personvern\\\/#breadcrumb\"},\"inLanguage\":\"en-GB\",\"potentialAction\":[{\"@type\":\"ReadAction\",\"target\":[\"https:\\\/\\\/tekraad.no\\\/personvern\\\/\"]}]},{\"@type\":\"BreadcrumbList\",\"@id\":\"https:\\\/\\\/tekraad.no\\\/personvern\\\/#breadcrumb\",\"itemListElement\":[{\"@type\":\"ListItem\",\"position\":1,\"name\":\"Hjem\",\"item\":\"https:\\\/\\\/tekraad.no\\\/\"},{\"@type\":\"ListItem\",\"position\":2,\"name\":\"Personvern\"}]},{\"@type\":\"WebSite\",\"@id\":\"https:\\\/\\\/tekraad.no\\\/#website\",\"url\":\"https:\\\/\\\/tekraad.no\\\/\",\"name\":\"TR\u00c5D AS\",\"description\":\"Teknisk r\u00e5dgivning innen lyd, lys, bilde og scene\",\"publisher\":{\"@id\":\"https:\\\/\\\/tekraad.no\\\/#organization\"},\"alternateName\":\"TR\u00c5D AS\",\"potentialAction\":[{\"@type\":\"SearchAction\",\"target\":{\"@type\":\"EntryPoint\",\"urlTemplate\":\"https:\\\/\\\/tekraad.no\\\/?s={search_term_string}\"},\"query-input\":{\"@type\":\"PropertyValueSpecification\",\"valueRequired\":true,\"valueName\":\"search_term_string\"}}],\"inLanguage\":\"en-GB\"},{\"@type\":\"Organization\",\"@id\":\"https:\\\/\\\/tekraad.no\\\/#organization\",\"name\":\"TR\u00c5D AS\",\"alternateName\":\"TR\u00c5D AS\",\"url\":\"https:\\\/\\\/tekraad.no\\\/\",\"logo\":{\"@type\":\"ImageObject\",\"inLanguage\":\"en-GB\",\"@id\":\"https:\\\/\\\/tekraad.no\\\/#\\\/schema\\\/logo\\\/image\\\/\",\"url\":\"https:\\\/\\\/tekraad.no\\\/wp-content\\\/uploads\\\/2025\\\/10\\\/Logo-hvit-tekst-u-bakgrunn-e1763987293366.png\",\"contentUrl\":\"https:\\\/\\\/tekraad.no\\\/wp-content\\\/uploads\\\/2025\\\/10\\\/Logo-hvit-tekst-u-bakgrunn-e1763987293366.png\",\"width\":1450,\"height\":602,\"caption\":\"TR\u00c5D AS\"},\"image\":{\"@id\":\"https:\\\/\\\/tekraad.no\\\/#\\\/schema\\\/logo\\\/image\\\/\"},\"sameAs\":[\"https:\\\/\\\/www.facebook.com\\\/traadface\\\/?locale=nb_NO\",\"https:\\\/\\\/no.linkedin.com\\\/company\\\/tekraad\"]}]}<\/script>\n<!-- \/ Yoast SEO plugin. -->","yoast_head_json":{"title":"Privacy Policy | TR\u00c5D AS","robots":{"index":"noindex","follow":"nofollow"},"og_locale":"en_GB","og_type":"article","og_title":"Personvern | TR\u00c5D AS","og_description":"Personvern Personvernerkl\u00e6ring for Tr\u00e5d AS og www.tekraad.no Denne personvernerkl\u00e6ringen beskriver hva slags personopplysninger Tr\u00e5d AS samler inn og hvordan disse personopplysningene behandles. Tr\u00e5d AS forholder seg til den norske personopplysningsloven. Denne personvernerkl\u00e6ringen er laget etter kravene i personopplysningsloven \u00a7\u00a7 18 og 19. Hva er personopplysninger Personopplysninger er informasjon om den enkelte person. Dette kan v\u00e6re [&hellip;]","og_url":"https:\/\/tekraad.no\/en\/privacy-policy\/","og_site_name":"TR\u00c5D AS","article_publisher":"https:\/\/www.facebook.com\/traadface\/?locale=nb_NO","article_modified_time":"2026-01-26T09:58:24+00:00","og_image":[{"width":2048,"height":1363,"url":"https:\/\/tekraad.no\/wp-content\/uploads\/2025\/11\/oprengraph-trad.png","type":"image\/png"}],"twitter_card":"summary_large_image","twitter_misc":{"Estimated reading time":"6 minutes"},"schema":{"@context":"https:\/\/schema.org","@graph":[{"@type":"WebPage","@id":"https:\/\/tekraad.no\/personvern\/","url":"https:\/\/tekraad.no\/personvern\/","name":"Privacy Policy | TR\u00c5D AS","isPartOf":{"@id":"https:\/\/tekraad.no\/#website"},"datePublished":"2026-01-19T10:48:54+00:00","dateModified":"2026-01-26T09:58:24+00:00","breadcrumb":{"@id":"https:\/\/tekraad.no\/personvern\/#breadcrumb"},"inLanguage":"en-GB","potentialAction":[{"@type":"ReadAction","target":["https:\/\/tekraad.no\/personvern\/"]}]},{"@type":"BreadcrumbList","@id":"https:\/\/tekraad.no\/personvern\/#breadcrumb","itemListElement":[{"@type":"ListItem","position":1,"name":"Hjem","item":"https:\/\/tekraad.no\/"},{"@type":"ListItem","position":2,"name":"Personvern"}]},{"@type":"WebSite","@id":"https:\/\/tekraad.no\/#website","url":"https:\/\/tekraad.no\/","name":"TR\u00c5D AS","description":"Teknisk r\u00e5dgivning innen lyd, lys, bilde og scene","publisher":{"@id":"https:\/\/tekraad.no\/#organization"},"alternateName":"TR\u00c5D AS","potentialAction":[{"@type":"SearchAction","target":{"@type":"EntryPoint","urlTemplate":"https:\/\/tekraad.no\/?s={search_term_string}"},"query-input":{"@type":"PropertyValueSpecification","valueRequired":true,"valueName":"search_term_string"}}],"inLanguage":"en-GB"},{"@type":"Organization","@id":"https:\/\/tekraad.no\/#organization","name":"TR\u00c5D AS","alternateName":"TR\u00c5D AS","url":"https:\/\/tekraad.no\/","logo":{"@type":"ImageObject","inLanguage":"en-GB","@id":"https:\/\/tekraad.no\/#\/schema\/logo\/image\/","url":"https:\/\/tekraad.no\/wp-content\/uploads\/2025\/10\/Logo-hvit-tekst-u-bakgrunn-e1763987293366.png","contentUrl":"https:\/\/tekraad.no\/wp-content\/uploads\/2025\/10\/Logo-hvit-tekst-u-bakgrunn-e1763987293366.png","width":1450,"height":602,"caption":"TR\u00c5D AS"},"image":{"@id":"https:\/\/tekraad.no\/#\/schema\/logo\/image\/"},"sameAs":["https:\/\/www.facebook.com\/traadface\/?locale=nb_NO","https:\/\/no.linkedin.com\/company\/tekraad"]}]}},"_links":{"self":[{"href":"https:\/\/tekraad.no\/en\/wp-json\/wp\/v2\/pages\/1097","targetHints":{"allow":["GET"]}}],"collection":[{"href":"https:\/\/tekraad.no\/en\/wp-json\/wp\/v2\/pages"}],"about":[{"href":"https:\/\/tekraad.no\/en\/wp-json\/wp\/v2\/types\/page"}],"author":[{"embeddable":true,"href":"https:\/\/tekraad.no\/en\/wp-json\/wp\/v2\/users\/1"}],"replies":[{"embeddable":true,"href":"https:\/\/tekraad.no\/en\/wp-json\/wp\/v2\/comments?post=1097"}],"version-history":[{"count":5,"href":"https:\/\/tekraad.no\/en\/wp-json\/wp\/v2\/pages\/1097\/revisions"}],"predecessor-version":[{"id":1110,"href":"https:\/\/tekraad.no\/en\/wp-json\/wp\/v2\/pages\/1097\/revisions\/1110"}],"wp:attachment":[{"href":"https:\/\/tekraad.no\/en\/wp-json\/wp\/v2\/media?parent=1097"}],"wp:term":[{"taxonomy":"mal-kategori","embeddable":true,"href":"https:\/\/tekraad.no\/en\/wp-json\/wp\/v2\/mal-kategori?post=1097"}],"curies":[{"name":"wp","href":"https:\/\/api.w.org\/{rel}","templated":true}]}}